{"id":42,"date":"2025-04-07T15:13:40","date_gmt":"2025-04-07T18:13:40","guid":{"rendered":"https:\/\/sitenovo.facilinformatica.com.br.domainalias.dhohost.com.br\/?page_id=42"},"modified":"2025-08-04T09:50:23","modified_gmt":"2025-08-04T12:50:23","slug":"seguranca","status":"publish","type":"page","link":"https:\/\/sitenovo.facilinformatica.com.br.domainalias.dhohost.com.br\/?page_id=42","title":{"rendered":"SEGURAN\u00c7A"},"content":{"rendered":"\t\t<div data-elementor-type=\"wp-page\" data-elementor-id=\"42\" class=\"elementor elementor-42\" data-elementor-post-type=\"page\">\n\t\t\t\t<div class=\"elementor-element elementor-element-0a6ed91 e-flex e-con-boxed e-con e-parent\" data-id=\"0a6ed91\" data-element_type=\"container\" data-e-type=\"container\">\n\t\t\t\t\t<div class=\"e-con-inner\">\n\t\t\t\t<div class=\"elementor-element elementor-element-90ec649 elementor-widget elementor-widget-heading\" data-id=\"90ec649\" data-element_type=\"widget\" data-e-type=\"widget\" data-widget_type=\"heading.default\">\n\t\t\t\t<div class=\"elementor-widget-container\">\n\t\t\t\t\t<h2 class=\"elementor-heading-title elementor-size-default\">Ambiente SaaS da F\u00e1cil: Seguran\u00e7a e efici\u00eancia para sua opera\u00e7\u00e3o<\/h2>\t\t\t\t<\/div>\n\t\t\t\t<\/div>\n\t\t\t\t<div class=\"elementor-element elementor-element-1e10cff elementor-widget elementor-widget-text-editor\" data-id=\"1e10cff\" data-element_type=\"widget\" data-e-type=\"widget\" data-widget_type=\"text-editor.default\">\n\t\t\t\t<div class=\"elementor-widget-container\">\n\t\t\t\t\t\t\t\t\t<p>No Grupo F\u00e1cil, entendemos que seguran\u00e7a e efici\u00eancia s\u00e3o essenciais para o sucesso de qualquer neg\u00f3cio. Nosso Ambiente SaaS combina infraestrutura de ponta, certifica\u00e7\u00f5es reconhecidas e tecnologia avan\u00e7ada para garantir a prote\u00e7\u00e3o dos seus dados e a continuidade das suas opera\u00e7\u00f5es. Com monitoramento 24\/7, escalabilidade e solu\u00e7\u00f5es robustas, estamos prontos para atender \u00e0s necessidades mais exigentes do mercado, entregando confiabilidade e inova\u00e7\u00e3o em cada detalhe.<\/p>\t\t\t\t\t\t\t\t<\/div>\n\t\t\t\t<\/div>\n\t\t\t\t\t<\/div>\n\t\t\t\t<\/div>\n\t\t<div class=\"elementor-element elementor-element-02ecd93 e-flex e-con-boxed e-con e-parent\" data-id=\"02ecd93\" data-element_type=\"container\" data-e-type=\"container\">\n\t\t\t\t\t<div class=\"e-con-inner\">\n\t\t<div class=\"elementor-element elementor-element-0a6d5f2 e-con-full e-flex e-con e-child\" data-id=\"0a6d5f2\" data-element_type=\"container\" data-e-type=\"container\">\n\t\t\t\t<div class=\"elementor-element elementor-element-fd1d943 elementor-widget elementor-widget-heading\" data-id=\"fd1d943\" data-element_type=\"widget\" data-e-type=\"widget\" data-widget_type=\"heading.default\">\n\t\t\t\t<div class=\"elementor-widget-container\">\n\t\t\t\t\t<h2 class=\"elementor-heading-title elementor-size-default\">AMBIENTE SAAS<\/h2>\t\t\t\t<\/div>\n\t\t\t\t<\/div>\n\t\t\t\t<div class=\"elementor-element elementor-element-7f209df elementor-widget elementor-widget-heading\" data-id=\"7f209df\" data-element_type=\"widget\" data-e-type=\"widget\" data-widget_type=\"heading.default\">\n\t\t\t\t<div class=\"elementor-widget-container\">\n\t\t\t\t\t<h2 class=\"elementor-heading-title elementor-size-default\">EM N\u00daMEROS<\/h2>\t\t\t\t<\/div>\n\t\t\t\t<\/div>\n\t\t\t\t<div class=\"elementor-element elementor-element-381633e elementor-widget elementor-widget-text-editor\" data-id=\"381633e\" data-element_type=\"widget\" data-e-type=\"widget\" data-widget_type=\"text-editor.default\">\n\t\t\t\t<div class=\"elementor-widget-container\">\n\t\t\t\t\t\t\t\t\t<p><strong>12<\/strong> ANOS DE PRODU\u00c7\u00c3O<br \/><strong>+160<\/strong> EMPRESAS HOSPEDADAS<br \/><strong>+4K<\/strong> OPERADORES DE SISTEMA<br \/><strong>+550<\/strong> PORTAIS PUBLICADOS<br \/><strong>+70k<\/strong> REQUISI\u00c7\u00d5ES POR MINUTO<br \/><strong>+800<\/strong> TB DE BACKUPS<br \/><strong>+70<\/strong> SERVIDORES<br \/><strong>+30<\/strong> BANCOS ORACLE<\/p>\t\t\t\t\t\t\t\t<\/div>\n\t\t\t\t<\/div>\n\t\t\t\t<\/div>\n\t\t<div class=\"elementor-element elementor-element-195491c e-con-full e-flex e-con e-child\" data-id=\"195491c\" data-element_type=\"container\" data-e-type=\"container\">\n\t\t\t\t<div class=\"elementor-element elementor-element-40dfa80 elementor-widget elementor-widget-image\" data-id=\"40dfa80\" data-element_type=\"widget\" data-e-type=\"widget\" data-widget_type=\"image.default\">\n\t\t\t\t<div class=\"elementor-widget-container\">\n\t\t\t\t\t\t\t\t\t\t\t\t\t\t\t<img decoding=\"async\" width=\"248\" height=\"96\" src=\"https:\/\/sitenovo.facilinformatica.com.br.domainalias.dhohost.com.br\/wp-content\/uploads\/2025\/04\/1240232_1_173687958350412037.png\" class=\"attachment-large size-large wp-image-408\" alt=\"\" \/>\t\t\t\t\t\t\t\t\t\t\t\t\t\t\t<\/div>\n\t\t\t\t<\/div>\n\t\t\t\t<\/div>\n\t\t<div class=\"elementor-element elementor-element-68fe602 e-con-full e-flex e-con e-child\" data-id=\"68fe602\" data-element_type=\"container\" data-e-type=\"container\">\n\t\t\t\t<div class=\"elementor-element elementor-element-ec60446 elementor-widget elementor-widget-heading\" data-id=\"ec60446\" data-element_type=\"widget\" data-e-type=\"widget\" data-widget_type=\"heading.default\">\n\t\t\t\t<div class=\"elementor-widget-container\">\n\t\t\t\t\t<h2 class=\"elementor-heading-title elementor-size-default\">AMBIENTE SAAS<\/h2>\t\t\t\t<\/div>\n\t\t\t\t<\/div>\n\t\t\t\t<div class=\"elementor-element elementor-element-d775930 elementor-widget elementor-widget-heading\" data-id=\"d775930\" data-element_type=\"widget\" data-e-type=\"widget\" data-widget_type=\"heading.default\">\n\t\t\t\t<div class=\"elementor-widget-container\">\n\t\t\t\t\t<h2 class=\"elementor-heading-title elementor-size-default\">DIFERENCIAIS<\/h2>\t\t\t\t<\/div>\n\t\t\t\t<\/div>\n\t\t\t\t<div class=\"elementor-element elementor-element-267c6e2 elementor-widget elementor-widget-text-editor\" data-id=\"267c6e2\" data-element_type=\"widget\" data-e-type=\"widget\" data-widget_type=\"text-editor.default\">\n\t\t\t\t<div class=\"elementor-widget-container\">\n\t\t\t\t\t\t\t\t\t<p>\u2022 INFRAESTRUTURA AMAZON WEB SERVICES (SOC3, ISO27001)<br>\u2022 99,9% DE DISPONIBILIDADE AO ANO<br>\u2022 ARQUITETURA DISTRIBU\u00cdDA<br>\u2022 ESCALABILIDADE, DURABILIDADE, CONTINUIDADE<br>\u2022 MONITORAMENTO 24 X 7<br>\u2022 BANCOS ORACLE COM REPLICA\u00c7\u00c3O<br>\u2022 ADMINISTRA\u00c7\u00c3O DE OTIMIZA\u00c7\u00c3O DOSBANCOS<br>\u2022 APLICA\u00c7\u00c3O DE PATCHES E ATUALIZA\u00c7\u00d5ES<br>\u2022 AMBIENTE COMPLETO DE HOMOLOGA\u00c7\u00c3O<br>\u2022 DATALAKE INTEGRADO<br>\u2022 5 ANOS DE BACKUPS COMPLETOS<br>\u2022 SEM LICEN\u00c7AS ADICIONAIS<\/p>\t\t\t\t\t\t\t\t<\/div>\n\t\t\t\t<\/div>\n\t\t\t\t<\/div>\n\t\t\t\t\t<\/div>\n\t\t\t\t<\/div>\n\t\t\t\t<\/div>\n\t\t","protected":false},"excerpt":{"rendered":"<p>Ambiente SaaS da F\u00e1cil: Seguran\u00e7a e efici\u00eancia para sua opera\u00e7\u00e3o No Grupo F\u00e1cil, entendemos que seguran\u00e7a e efici\u00eancia s\u00e3o essenciais para o sucesso de qualquer neg\u00f3cio. Nosso Ambiente SaaS combina infraestrutura de ponta, certifica\u00e7\u00f5es reconhecidas e tecnologia avan\u00e7ada para garantir a prote\u00e7\u00e3o dos seus dados e a continuidade das suas opera\u00e7\u00f5es. Com monitoramento 24\/7, escalabilidade [&hellip;]<\/p>\n","protected":false},"author":1,"featured_media":0,"parent":0,"menu_order":0,"comment_status":"closed","ping_status":"closed","template":"elementor_header_footer","meta":{"footnotes":""},"class_list":["post-42","page","type-page","status-publish","hentry"],"_links":{"self":[{"href":"https:\/\/sitenovo.facilinformatica.com.br.domainalias.dhohost.com.br\/index.php?rest_route=\/wp\/v2\/pages\/42","targetHints":{"allow":["GET"]}}],"collection":[{"href":"https:\/\/sitenovo.facilinformatica.com.br.domainalias.dhohost.com.br\/index.php?rest_route=\/wp\/v2\/pages"}],"about":[{"href":"https:\/\/sitenovo.facilinformatica.com.br.domainalias.dhohost.com.br\/index.php?rest_route=\/wp\/v2\/types\/page"}],"author":[{"embeddable":true,"href":"https:\/\/sitenovo.facilinformatica.com.br.domainalias.dhohost.com.br\/index.php?rest_route=\/wp\/v2\/users\/1"}],"replies":[{"embeddable":true,"href":"https:\/\/sitenovo.facilinformatica.com.br.domainalias.dhohost.com.br\/index.php?rest_route=%2Fwp%2Fv2%2Fcomments&post=42"}],"version-history":[{"count":28,"href":"https:\/\/sitenovo.facilinformatica.com.br.domainalias.dhohost.com.br\/index.php?rest_route=\/wp\/v2\/pages\/42\/revisions"}],"predecessor-version":[{"id":1771,"href":"https:\/\/sitenovo.facilinformatica.com.br.domainalias.dhohost.com.br\/index.php?rest_route=\/wp\/v2\/pages\/42\/revisions\/1771"}],"wp:attachment":[{"href":"https:\/\/sitenovo.facilinformatica.com.br.domainalias.dhohost.com.br\/index.php?rest_route=%2Fwp%2Fv2%2Fmedia&parent=42"}],"curies":[{"name":"wp","href":"https:\/\/api.w.org\/{rel}","templated":true}]}}